{"id":9300,"date":"2023-03-16T14:48:43","date_gmt":"2023-03-16T07:48:43","guid":{"rendered":"http:\/\/nafiqad4.monamedia.net\/khach-hang-va-doi-tac\/"},"modified":"2023-03-28T15:58:12","modified_gmt":"2023-03-28T08:58:12","slug":"khach-hang-va-doi-tac","status":"publish","type":"page","link":"https:\/\/nafiqad4.monamedia.net\/en\/khach-hang-va-doi-tac\/","title":{"rendered":"Customers"},"content":{"rendered":"","protected":false},"excerpt":{"rendered":"","protected":false},"author":1,"featured_media":9215,"parent":0,"menu_order":0,"comment_status":"closed","ping_status":"closed","template":"page-template\/customer-template.php","meta":{"inline_featured_image":false,"_mi_skip_tracking":false},"acf":[],"yoast_head":"<!-- This site is optimized with the Yoast SEO plugin v20.4 - https:\/\/yoast.com\/wordpress\/plugins\/seo\/ -->\n<title>Customers - Trung t\u00e2m Ch\u1ea5t l\u01b0\u1ee3ng n\u00f4ng l\u00e2m th\u1ee7y s\u1ea3n v\u00f9ng 4 (NAFIQAD4)<\/title>\n<meta name=\"robots\" content=\"index, follow, max-snippet:-1, max-image-preview:large, max-video-preview:-1\" \/>\n<link rel=\"canonical\" href=\"http:\/\/nafiqad4.monamedia.net\/en\/khach-hang-va-doi-tac\/\" \/>\n<meta property=\"og:locale\" content=\"en_US\" \/>\n<meta property=\"og:type\" content=\"article\" \/>\n<meta property=\"og:title\" content=\"Customers - Trung t\u00e2m Ch\u1ea5t l\u01b0\u1ee3ng n\u00f4ng l\u00e2m th\u1ee7y s\u1ea3n v\u00f9ng 4 (NAFIQAD4)\" \/>\n<meta property=\"og:url\" content=\"http:\/\/nafiqad4.monamedia.net\/en\/khach-hang-va-doi-tac\/\" \/>\n<meta property=\"og:site_name\" content=\"Trung t\u00e2m Ch\u1ea5t l\u01b0\u1ee3ng n\u00f4ng l\u00e2m th\u1ee7y s\u1ea3n v\u00f9ng 4 (NAFIQAD4)\" \/>\n<meta property=\"article:modified_time\" content=\"2023-03-28T08:58:12+00:00\" \/>\n<meta property=\"og:image\" content=\"http:\/\/nafiqad4.monamedia.net\/wp-content\/uploads\/2023\/01\/vietgap.jpg\" \/>\n\t<meta property=\"og:image:width\" content=\"1728\" \/>\n\t<meta property=\"og:image:height\" content=\"379\" \/>\n\t<meta property=\"og:image:type\" content=\"image\/jpeg\" \/>\n<meta name=\"twitter:card\" content=\"summary_large_image\" \/>\n<script type=\"application\/ld+json\" class=\"yoast-schema-graph\">{\"@context\":\"https:\/\/schema.org\",\"@graph\":[{\"@type\":\"WebPage\",\"@id\":\"http:\/\/nafiqad4.monamedia.net\/en\/khach-hang-va-doi-tac\/\",\"url\":\"http:\/\/nafiqad4.monamedia.net\/en\/khach-hang-va-doi-tac\/\",\"name\":\"Customers - Trung t\u00e2m Ch\u1ea5t l\u01b0\u1ee3ng n\u00f4ng l\u00e2m th\u1ee7y s\u1ea3n v\u00f9ng 4 (NAFIQAD4)\",\"isPartOf\":{\"@id\":\"http:\/\/nafiqad4.monamedia.net\/#website\"},\"datePublished\":\"2023-03-16T07:48:43+00:00\",\"dateModified\":\"2023-03-28T08:58:12+00:00\",\"breadcrumb\":{\"@id\":\"http:\/\/nafiqad4.monamedia.net\/en\/khach-hang-va-doi-tac\/#breadcrumb\"},\"inLanguage\":\"en-US\",\"potentialAction\":[{\"@type\":\"ReadAction\",\"target\":[\"http:\/\/nafiqad4.monamedia.net\/en\/khach-hang-va-doi-tac\/\"]}]},{\"@type\":\"BreadcrumbList\",\"@id\":\"http:\/\/nafiqad4.monamedia.net\/en\/khach-hang-va-doi-tac\/#breadcrumb\",\"itemListElement\":[{\"@type\":\"ListItem\",\"position\":1,\"name\":\"Trang ch\u1ee7\",\"item\":\"http:\/\/nafiqad4.monamedia.net\/en\/\"},{\"@type\":\"ListItem\",\"position\":2,\"name\":\"Customers\"}]},{\"@type\":\"WebSite\",\"@id\":\"http:\/\/nafiqad4.monamedia.net\/#website\",\"url\":\"http:\/\/nafiqad4.monamedia.net\/\",\"name\":\"Trung t\u00e2m Ch\u1ea5t l\u01b0\u1ee3ng n\u00f4ng l\u00e2m th\u1ee7y s\u1ea3n v\u00f9ng 4 (NAFIQAD4)\",\"description\":\"L\u00e0 \u0111\u01a1n v\u1ecb c\u00f4ng l\u1eadp tr\u1ef1c thu\u1ed9c C\u1ee5c Qu\u1ea3n l\u00fd ch\u1ea5t l\u01b0\u1ee3ng n\u00f4ng l\u00e2m s\u1ea3n v\u00e0 th\u1ee7y s\u1ea3n, th\u1ef1c hi\u1ec7n ch\u1ee9c n\u0103ng ph\u1ee5c v\u1ee5 qu\u1ea3n l\u00fd nh\u00e0 n\u01b0\u1edbc v\u1ec1 ch\u1ea5t l\u01b0\u1ee3ng, an to\u00e0n th\u1ef1c ph\u1ea9m n\u00f4ng l\u00e2m s\u1ea3n v\u00e0 cung c\u1ea5p c\u00e1c d\u1ecbch v\u1ee5 theo quy \u0111\u1ecbnh c\u1ee7a ph\u00e1p lu\u1eadt.\",\"publisher\":{\"@id\":\"http:\/\/nafiqad4.monamedia.net\/#organization\"},\"alternateName\":\"L\u00e0 \u0111\u01a1n v\u1ecb c\u00f4ng l\u1eadp tr\u1ef1c thu\u1ed9c C\u1ee5c Qu\u1ea3n l\u00fd ch\u1ea5t l\u01b0\u1ee3ng n\u00f4ng l\u00e2m s\u1ea3n v\u00e0 th\u1ee7y s\u1ea3n, th\u1ef1c hi\u1ec7n ch\u1ee9c n\u0103ng ph\u1ee5c v\u1ee5 qu\u1ea3n l\u00fd nh\u00e0 n\u01b0\u1edbc v\u1ec1 ch\u1ea5t l\u01b0\u1ee3ng, an to\u00e0n th\u1ef1c ph\u1ea9m n\u00f4ng l\u00e2m s\u1ea3n v\u00e0 cung c\u1ea5p c\u00e1c d\u1ecbch v\u1ee5 theo quy \u0111\u1ecbnh c\u1ee7a ph\u00e1p lu\u1eadt.\",\"potentialAction\":[{\"@type\":\"SearchAction\",\"target\":{\"@type\":\"EntryPoint\",\"urlTemplate\":\"http:\/\/nafiqad4.monamedia.net\/?s={search_term_string}\"},\"query-input\":\"required name=search_term_string\"}],\"inLanguage\":\"en-US\"},{\"@type\":\"Organization\",\"@id\":\"http:\/\/nafiqad4.monamedia.net\/#organization\",\"name\":\"Trung t\u00e2m Ch\u1ea5t l\u01b0\u1ee3ng n\u00f4ng l\u00e2m th\u1ee7y s\u1ea3n v\u00f9ng 4 (NAFIQAD4)\",\"alternateName\":\"L\u00e0 \u0111\u01a1n v\u1ecb c\u00f4ng l\u1eadp tr\u1ef1c thu\u1ed9c C\u1ee5c Qu\u1ea3n l\u00fd ch\u1ea5t l\u01b0\u1ee3ng n\u00f4ng l\u00e2m s\u1ea3n v\u00e0 th\u1ee7y s\u1ea3n, th\u1ef1c hi\u1ec7n ch\u1ee9c n\u0103ng ph\u1ee5c v\u1ee5 qu\u1ea3n l\u00fd nh\u00e0 n\u01b0\u1edbc v\u1ec1 ch\u1ea5t l\u01b0\u1ee3ng, an to\u00e0n th\u1ef1c ph\u1ea9m n\u00f4ng l\u00e2m s\u1ea3n v\u00e0 cung c\u1ea5p c\u00e1c d\u1ecbch v\u1ee5 theo quy \u0111\u1ecbnh c\u1ee7a ph\u00e1p lu\u1eadt.\",\"url\":\"http:\/\/nafiqad4.monamedia.net\/\",\"logo\":{\"@type\":\"ImageObject\",\"inLanguage\":\"en-US\",\"@id\":\"http:\/\/nafiqad4.monamedia.net\/#\/schema\/logo\/image\/\",\"url\":\"https:\/\/nafiqad4.monamedia.net\/wp-content\/uploads\/2023\/01\/logofooter.png\",\"contentUrl\":\"https:\/\/nafiqad4.monamedia.net\/wp-content\/uploads\/2023\/01\/logofooter.png\",\"width\":126,\"height\":136,\"caption\":\"Trung t\u00e2m Ch\u1ea5t l\u01b0\u1ee3ng n\u00f4ng l\u00e2m th\u1ee7y s\u1ea3n v\u00f9ng 4 (NAFIQAD4)\"},\"image\":{\"@id\":\"http:\/\/nafiqad4.monamedia.net\/#\/schema\/logo\/image\/\"}}]}<\/script>\n<!-- \/ Yoast SEO plugin. -->","yoast_head_json":{"title":"Customers - Trung t\u00e2m Ch\u1ea5t l\u01b0\u1ee3ng n\u00f4ng l\u00e2m th\u1ee7y s\u1ea3n v\u00f9ng 4 (NAFIQAD4)","robots":{"index":"index","follow":"follow","max-snippet":"max-snippet:-1","max-image-preview":"max-image-preview:large","max-video-preview":"max-video-preview:-1"},"canonical":"http:\/\/nafiqad4.monamedia.net\/en\/khach-hang-va-doi-tac\/","og_locale":"en_US","og_type":"article","og_title":"Customers - Trung t\u00e2m Ch\u1ea5t l\u01b0\u1ee3ng n\u00f4ng l\u00e2m th\u1ee7y s\u1ea3n v\u00f9ng 4 (NAFIQAD4)","og_url":"http:\/\/nafiqad4.monamedia.net\/en\/khach-hang-va-doi-tac\/","og_site_name":"Trung t\u00e2m Ch\u1ea5t l\u01b0\u1ee3ng n\u00f4ng l\u00e2m th\u1ee7y s\u1ea3n v\u00f9ng 4 (NAFIQAD4)","article_modified_time":"2023-03-28T08:58:12+00:00","og_image":[{"width":1728,"height":379,"url":"http:\/\/nafiqad4.monamedia.net\/wp-content\/uploads\/2023\/01\/vietgap.jpg","type":"image\/jpeg"}],"twitter_card":"summary_large_image","schema":{"@context":"https:\/\/schema.org","@graph":[{"@type":"WebPage","@id":"http:\/\/nafiqad4.monamedia.net\/en\/khach-hang-va-doi-tac\/","url":"http:\/\/nafiqad4.monamedia.net\/en\/khach-hang-va-doi-tac\/","name":"Customers - Trung t\u00e2m Ch\u1ea5t l\u01b0\u1ee3ng n\u00f4ng l\u00e2m th\u1ee7y s\u1ea3n v\u00f9ng 4 (NAFIQAD4)","isPartOf":{"@id":"http:\/\/nafiqad4.monamedia.net\/#website"},"datePublished":"2023-03-16T07:48:43+00:00","dateModified":"2023-03-28T08:58:12+00:00","breadcrumb":{"@id":"http:\/\/nafiqad4.monamedia.net\/en\/khach-hang-va-doi-tac\/#breadcrumb"},"inLanguage":"en-US","potentialAction":[{"@type":"ReadAction","target":["http:\/\/nafiqad4.monamedia.net\/en\/khach-hang-va-doi-tac\/"]}]},{"@type":"BreadcrumbList","@id":"http:\/\/nafiqad4.monamedia.net\/en\/khach-hang-va-doi-tac\/#breadcrumb","itemListElement":[{"@type":"ListItem","position":1,"name":"Trang ch\u1ee7","item":"http:\/\/nafiqad4.monamedia.net\/en\/"},{"@type":"ListItem","position":2,"name":"Customers"}]},{"@type":"WebSite","@id":"http:\/\/nafiqad4.monamedia.net\/#website","url":"http:\/\/nafiqad4.monamedia.net\/","name":"Trung t\u00e2m Ch\u1ea5t l\u01b0\u1ee3ng n\u00f4ng l\u00e2m th\u1ee7y s\u1ea3n v\u00f9ng 4 (NAFIQAD4)","description":"L\u00e0 \u0111\u01a1n v\u1ecb c\u00f4ng l\u1eadp tr\u1ef1c thu\u1ed9c C\u1ee5c Qu\u1ea3n l\u00fd ch\u1ea5t l\u01b0\u1ee3ng n\u00f4ng l\u00e2m s\u1ea3n v\u00e0 th\u1ee7y s\u1ea3n, th\u1ef1c hi\u1ec7n ch\u1ee9c n\u0103ng ph\u1ee5c v\u1ee5 qu\u1ea3n l\u00fd nh\u00e0 n\u01b0\u1edbc v\u1ec1 ch\u1ea5t l\u01b0\u1ee3ng, an to\u00e0n th\u1ef1c ph\u1ea9m n\u00f4ng l\u00e2m s\u1ea3n v\u00e0 cung c\u1ea5p c\u00e1c d\u1ecbch v\u1ee5 theo quy \u0111\u1ecbnh c\u1ee7a ph\u00e1p lu\u1eadt.","publisher":{"@id":"http:\/\/nafiqad4.monamedia.net\/#organization"},"alternateName":"L\u00e0 \u0111\u01a1n v\u1ecb c\u00f4ng l\u1eadp tr\u1ef1c thu\u1ed9c C\u1ee5c Qu\u1ea3n l\u00fd ch\u1ea5t l\u01b0\u1ee3ng n\u00f4ng l\u00e2m s\u1ea3n v\u00e0 th\u1ee7y s\u1ea3n, th\u1ef1c hi\u1ec7n ch\u1ee9c n\u0103ng ph\u1ee5c v\u1ee5 qu\u1ea3n l\u00fd nh\u00e0 n\u01b0\u1edbc v\u1ec1 ch\u1ea5t l\u01b0\u1ee3ng, an to\u00e0n th\u1ef1c ph\u1ea9m n\u00f4ng l\u00e2m s\u1ea3n v\u00e0 cung c\u1ea5p c\u00e1c d\u1ecbch v\u1ee5 theo quy \u0111\u1ecbnh c\u1ee7a ph\u00e1p lu\u1eadt.","potentialAction":[{"@type":"SearchAction","target":{"@type":"EntryPoint","urlTemplate":"http:\/\/nafiqad4.monamedia.net\/?s={search_term_string}"},"query-input":"required name=search_term_string"}],"inLanguage":"en-US"},{"@type":"Organization","@id":"http:\/\/nafiqad4.monamedia.net\/#organization","name":"Trung t\u00e2m Ch\u1ea5t l\u01b0\u1ee3ng n\u00f4ng l\u00e2m th\u1ee7y s\u1ea3n v\u00f9ng 4 (NAFIQAD4)","alternateName":"L\u00e0 \u0111\u01a1n v\u1ecb c\u00f4ng l\u1eadp tr\u1ef1c thu\u1ed9c C\u1ee5c Qu\u1ea3n l\u00fd ch\u1ea5t l\u01b0\u1ee3ng n\u00f4ng l\u00e2m s\u1ea3n v\u00e0 th\u1ee7y s\u1ea3n, th\u1ef1c hi\u1ec7n ch\u1ee9c n\u0103ng ph\u1ee5c v\u1ee5 qu\u1ea3n l\u00fd nh\u00e0 n\u01b0\u1edbc v\u1ec1 ch\u1ea5t l\u01b0\u1ee3ng, an to\u00e0n th\u1ef1c ph\u1ea9m n\u00f4ng l\u00e2m s\u1ea3n v\u00e0 cung c\u1ea5p c\u00e1c d\u1ecbch v\u1ee5 theo quy \u0111\u1ecbnh c\u1ee7a ph\u00e1p lu\u1eadt.","url":"http:\/\/nafiqad4.monamedia.net\/","logo":{"@type":"ImageObject","inLanguage":"en-US","@id":"http:\/\/nafiqad4.monamedia.net\/#\/schema\/logo\/image\/","url":"https:\/\/nafiqad4.monamedia.net\/wp-content\/uploads\/2023\/01\/logofooter.png","contentUrl":"https:\/\/nafiqad4.monamedia.net\/wp-content\/uploads\/2023\/01\/logofooter.png","width":126,"height":136,"caption":"Trung t\u00e2m Ch\u1ea5t l\u01b0\u1ee3ng n\u00f4ng l\u00e2m th\u1ee7y s\u1ea3n v\u00f9ng 4 (NAFIQAD4)"},"image":{"@id":"http:\/\/nafiqad4.monamedia.net\/#\/schema\/logo\/image\/"}}]}},"_links":{"self":[{"href":"https:\/\/nafiqad4.monamedia.net\/en\/wp-json\/wp\/v2\/pages\/9300"}],"collection":[{"href":"https:\/\/nafiqad4.monamedia.net\/en\/wp-json\/wp\/v2\/pages"}],"about":[{"href":"https:\/\/nafiqad4.monamedia.net\/en\/wp-json\/wp\/v2\/types\/page"}],"author":[{"embeddable":true,"href":"https:\/\/nafiqad4.monamedia.net\/en\/wp-json\/wp\/v2\/users\/1"}],"replies":[{"embeddable":true,"href":"https:\/\/nafiqad4.monamedia.net\/en\/wp-json\/wp\/v2\/comments?post=9300"}],"version-history":[{"count":1,"href":"https:\/\/nafiqad4.monamedia.net\/en\/wp-json\/wp\/v2\/pages\/9300\/revisions"}],"predecessor-version":[{"id":16350,"href":"https:\/\/nafiqad4.monamedia.net\/en\/wp-json\/wp\/v2\/pages\/9300\/revisions\/16350"}],"wp:featuredmedia":[{"embeddable":true,"href":"https:\/\/nafiqad4.monamedia.net\/en\/wp-json\/wp\/v2\/media\/9215"}],"wp:attachment":[{"href":"https:\/\/nafiqad4.monamedia.net\/en\/wp-json\/wp\/v2\/media?parent=9300"}],"curies":[{"name":"wp","href":"https:\/\/api.w.org\/{rel}","templated":true}]}}